{"id":12,"date":"2022-12-13T13:08:52","date_gmt":"2022-12-13T16:08:52","guid":{"rendered":"http:\/\/hblogservicosexpress.com.br\/?page_id=12"},"modified":"2022-12-13T13:28:16","modified_gmt":"2022-12-13T16:28:16","slug":"home","status":"publish","type":"page","link":"https:\/\/hblogservicosexpress.com.br\/","title":{"rendered":"Home"},"content":{"rendered":"\n<h2 class=\"wp-block-heading\">Rapidez | Seguran\u00e7a | Qualidade<\/h2>\n\n\n\n<p>Servi\u00e7o realizado com a rapidez que voc\u00ea precisa, qualidade e bom atendimento. Profissionais devidamente habilitados para a fun\u00e7\u00e3o. Frota com manuten\u00e7\u00e3o peri\u00f3dica para evitar ao m\u00e1ximo imprevistos.<\/p>\n\n\n\n<p>Servi\u00e7o de entregas r\u00e1pidas para pessoas F\u00edsicas ou Jur\u00eddicas e entregas de encomendas agendadas.<\/p>\n","protected":false},"excerpt":{"rendered":"<p>Rapidez | Seguran\u00e7a | Qualidade Servi\u00e7o realizado com a rapidez que voc\u00ea precisa, qualidade e bom atendimento. Profissionais devidamente habilitados para a fun\u00e7\u00e3o. Frota com manuten\u00e7\u00e3o peri\u00f3dica para evitar ao m\u00e1ximo imprevistos. Servi\u00e7o de entregas r\u00e1pidas para pessoas F\u00edsicas ou Jur\u00eddicas e entregas de encomendas agendadas.<\/p>\n","protected":false},"author":1,"featured_media":0,"parent":0,"menu_order":0,"comment_status":"closed","ping_status":"closed","template":"","meta":{"footnotes":""},"class_list":["post-12","page","type-page","status-publish","hentry"],"_links":{"self":[{"href":"https:\/\/hblogservicosexpress.com.br\/index.php?rest_route=\/wp\/v2\/pages\/12","targetHints":{"allow":["GET"]}}],"collection":[{"href":"https:\/\/hblogservicosexpress.com.br\/index.php?rest_route=\/wp\/v2\/pages"}],"about":[{"href":"https:\/\/hblogservicosexpress.com.br\/index.php?rest_route=\/wp\/v2\/types\/page"}],"author":[{"embeddable":true,"href":"https:\/\/hblogservicosexpress.com.br\/index.php?rest_route=\/wp\/v2\/users\/1"}],"replies":[{"embeddable":true,"href":"https:\/\/hblogservicosexpress.com.br\/index.php?rest_route=%2Fwp%2Fv2%2Fcomments&post=12"}],"version-history":[{"count":3,"href":"https:\/\/hblogservicosexpress.com.br\/index.php?rest_route=\/wp\/v2\/pages\/12\/revisions"}],"predecessor-version":[{"id":29,"href":"https:\/\/hblogservicosexpress.com.br\/index.php?rest_route=\/wp\/v2\/pages\/12\/revisions\/29"}],"wp:attachment":[{"href":"https:\/\/hblogservicosexpress.com.br\/index.php?rest_route=%2Fwp%2Fv2%2Fmedia&parent=12"}],"curies":[{"name":"wp","href":"https:\/\/api.w.org\/{rel}","templated":true}]}}